{"id":4892,"date":"2022-04-05T13:54:45","date_gmt":"2022-04-05T13:54:45","guid":{"rendered":"https:\/\/patiotime.loftocean.com\/demo2\/?page_id=4892"},"modified":"2024-03-11T17:07:06","modified_gmt":"2024-03-11T16:07:06","slug":"contact","status":"publish","type":"page","link":"https:\/\/lesjardinsdecapucine.com\/index.php\/contact\/","title":{"rendered":"Contact"},"content":{"rendered":"\t\t<div data-elementor-type=\"wp-page\" data-elementor-id=\"4892\" class=\"elementor elementor-4892\">\n\t\t\t\t\t\t<section class=\"elementor-section elementor-top-section elementor-element elementor-element-3a673f5b elementor-section-full_width elementor-reverse-tablet elementor-reverse-mobile elementor-section-height-default elementor-section-height-default\" data-id=\"3a673f5b\" data-element_type=\"section\">\n\t\t\t\t\t\t<div class=\"elementor-container elementor-column-gap-no\">\n\t\t\t\t\t<div class=\"elementor-column elementor-col-50 elementor-top-column elementor-element elementor-element-24b3ed1c\" data-id=\"24b3ed1c\" data-element_type=\"column\" data-settings=\"{&quot;background_background&quot;:&quot;classic&quot;}\">\n\t\t\t<div class=\"elementor-widget-wrap elementor-element-populated\">\n\t\t\t\t\t<div class=\"elementor-background-overlay\"><\/div>\n\t\t\t\t\t\t<div class=\"elementor-element elementor-element-19096501 pt-animation-medium-offset elementor-invisible elementor-widget elementor-widget-pt_title\" data-id=\"19096501\" data-element_type=\"widget\" data-settings=\"{&quot;_animation&quot;:&quot;fadeInUp&quot;,&quot;_animation_delay&quot;:100}\" data-widget_type=\"pt_title.default\">\n\t\t\t\t<div class=\"elementor-widget-container\">\n\t\t\t\n        <div class=\"pt-title-wrap\">\t            <div class=\"pt-subtitle-wrap\"><span class=\"pt-subtitle color-secondary style-bordered\">Notre Adresse<\/span><\/div>\t            <h5 class=\"pt-title color-white\">\n\t                lES JARDINS DE CAPUCINES\t            <\/h5>\t            <div class=\"pt-title-text\">\n\t                <p>Pour une exp\u00e9rience chaleureuse et familiale dans notre restaurant italien, Les Jardins De Capucine, nous vous recommandons de r\u00e9server par t\u00e9l\u00e9phone. Plongez dans notre atmosph\u00e8re accueillante et savourez nos d\u00e9lices traditionnels pr\u00e9par\u00e9s avec passion.<\/p>\t            <\/div>        <\/div>\t\t<\/div>\n\t\t\t\t<\/div>\n\t\t\t\t<div class=\"elementor-element elementor-element-324d235a pt-animation-medium-offset elementor-invisible elementor-widget elementor-widget-pt_info\" data-id=\"324d235a\" data-element_type=\"widget\" data-settings=\"{&quot;_animation&quot;:&quot;fadeInUp&quot;,&quot;_animation_delay&quot;:300}\" data-widget_type=\"pt_info.default\">\n\t\t\t\t<div class=\"elementor-widget-container\">\n\t\t\t\t            <div class=\"pt-info pt-address\">\n\t                <a href=\"google.com\/maps\/place\/Pizzeria+JD+Capucine\/@48.824318,2.5416845,17z\/data=!4m10!1m2!2m1!1sles+jardins+des+capucines+villiers!3m6!1s0x47e60dd886997a91:0xeed94f25356db659!8m2!3d48.8245161!4d2.5442288!15sCiJsZXMgamFyZGlucyBkZXMgY2FwdWNpbmVzIHZpbGxpZXJzWiAiHmphcmRpbnMgZGVzIGNhcHVjaW5lcyB2aWxsaWVyc5IBEml0YWxpYW5fcmVzdGF1cmFudOABAA!16sg11fylpnvgh?entry=ttu\">\t                    <i class=\"fas fa-map-marker-alt\"><\/i> 10 boulevard de Strasbourg, 94350 Villiers-sur-Marne\t                <\/a>\t            <\/div>\t\t<\/div>\n\t\t\t\t<\/div>\n\t\t\t\t<div class=\"elementor-element elementor-element-421c5dd3 pt-animation-medium-offset elementor-invisible elementor-widget elementor-widget-pt_info\" data-id=\"421c5dd3\" data-element_type=\"widget\" data-settings=\"{&quot;_animation&quot;:&quot;fadeInUp&quot;,&quot;_animation_delay&quot;:300}\" data-widget_type=\"pt_info.default\">\n\t\t\t\t<div class=\"elementor-widget-container\">\n\t\t\t\t            <div class=\"pt-info pt-email\">\n\t                <a href=\"mailto:restaurant@lesjardinsdecapucine.com\">\t                    <i class=\"far fa-envelope\"><\/i> restaurant@lesjardinsdecapucine.com\t                <\/a>\t            <\/div>\t\t<\/div>\n\t\t\t\t<\/div>\n\t\t\t\t<div class=\"elementor-element elementor-element-a03511a pt-animation-medium-offset e-transform e-transform elementor-invisible elementor-widget elementor-widget-pt_info\" data-id=\"a03511a\" data-element_type=\"widget\" data-settings=\"{&quot;_animation&quot;:&quot;fadeInUp&quot;,&quot;_animation_delay&quot;:300,&quot;_transform_translateX_effect&quot;:{&quot;unit&quot;:&quot;px&quot;,&quot;size&quot;:0,&quot;sizes&quot;:[]},&quot;_transform_translateX_effect_tablet&quot;:{&quot;unit&quot;:&quot;px&quot;,&quot;size&quot;:&quot;&quot;,&quot;sizes&quot;:[]},&quot;_transform_translateX_effect_mobile&quot;:{&quot;unit&quot;:&quot;px&quot;,&quot;size&quot;:&quot;&quot;,&quot;sizes&quot;:[]},&quot;_transform_translateY_effect&quot;:{&quot;unit&quot;:&quot;px&quot;,&quot;size&quot;:&quot;&quot;,&quot;sizes&quot;:[]},&quot;_transform_translateY_effect_tablet&quot;:{&quot;unit&quot;:&quot;px&quot;,&quot;size&quot;:&quot;&quot;,&quot;sizes&quot;:[]},&quot;_transform_translateY_effect_mobile&quot;:{&quot;unit&quot;:&quot;px&quot;,&quot;size&quot;:&quot;&quot;,&quot;sizes&quot;:[]},&quot;_transform_scale_effect&quot;:{&quot;unit&quot;:&quot;px&quot;,&quot;size&quot;:&quot;&quot;,&quot;sizes&quot;:[]},&quot;_transform_scale_effect_tablet&quot;:{&quot;unit&quot;:&quot;px&quot;,&quot;size&quot;:&quot;&quot;,&quot;sizes&quot;:[]},&quot;_transform_scale_effect_mobile&quot;:{&quot;unit&quot;:&quot;px&quot;,&quot;size&quot;:&quot;&quot;,&quot;sizes&quot;:[]}}\" data-widget_type=\"pt_info.default\">\n\t\t\t\t<div class=\"elementor-widget-container\">\n\t\t\t\t            <div class=\"pt-info pt-tel color-primary\">\n\t                <a href=\"tel:0149419477\">\t                    <i class=\"fas fa-phone\"><\/i> 0149419477\t                <\/a>\t            <\/div>\t\t<\/div>\n\t\t\t\t<\/div>\n\t\t\t\t\t<\/div>\n\t\t<\/div>\n\t\t\t\t<div class=\"elementor-column elementor-col-50 elementor-top-column elementor-element elementor-element-489dd472\" data-id=\"489dd472\" data-element_type=\"column\">\n\t\t\t<div class=\"elementor-widget-wrap elementor-element-populated\">\n\t\t\t\t\t\t<div class=\"elementor-element elementor-element-606fd55 elementor-widget elementor-widget-google_maps\" data-id=\"606fd55\" data-element_type=\"widget\" data-widget_type=\"google_maps.default\">\n\t\t\t\t<div class=\"elementor-widget-container\">\n\t\t\t<style>\/*! elementor - v3.19.0 - 29-01-2024 *\/\n.elementor-widget-google_maps .elementor-widget-container{overflow:hidden}.elementor-widget-google_maps .elementor-custom-embed{line-height:0}.elementor-widget-google_maps iframe{height:300px}<\/style>\t\t<div class=\"elementor-custom-embed\">\n\t\t\t<iframe loading=\"lazy\"\n\t\t\t\t\tsrc=\"https:\/\/maps.google.com\/maps?q=10%20boulevard%20de%20starsbourg%2C%20villiers%20sur%20marnes&#038;t=m&#038;z=18&#038;output=embed&#038;iwloc=near\"\n\t\t\t\t\ttitle=\"10 boulevard de starsbourg, villiers sur marnes\"\n\t\t\t\t\taria-label=\"10 boulevard de starsbourg, villiers sur marnes\"\n\t\t\t><\/iframe>\n\t\t<\/div>\n\t\t\t\t<\/div>\n\t\t\t\t<\/div>\n\t\t\t\t\t<\/div>\n\t\t<\/div>\n\t\t\t\t\t<\/div>\n\t\t<\/section>\n\t\t\t\t<\/div>\n\t\t","protected":false},"excerpt":{"rendered":"<p>Notre Adresse lES JARDINS DE CAPUCINES Pour une exp\u00e9rience chaleureuse et familiale dans notre restaurant italien, Les Jardins De Capucine, nous vous recommandons de r\u00e9server par t\u00e9l\u00e9phone. Plongez dans notre atmosph\u00e8re accueillante et savourez nos d\u00e9lices traditionnels pr\u00e9par\u00e9s avec passion. 10 boulevard de Starsbourg, 94350 Villiers-sur-Marne restaurant@lesjardinsdecapucine.com 0149419477<\/p>\n","protected":false},"author":1,"featured_media":0,"parent":0,"menu_order":0,"comment_status":"closed","ping_status":"closed","template":"template-wide-content.php","meta":{"footnotes":"","patiotime_single_page_hide_site_header":"","patiotime_single_page_site_header_source":"","patiotime_single_page_custom_site_header":"0","patiotime_single_page_custom_sticky_site_header":"0","patiotime_single_page_hide_page_title":"on","patiotime_single_page_header_section_size":"","patiotime_single_page_header_background_color":"","patiotime_single_page_header_background_position_x":"center","patiotime_single_page_header_background_position_y":"center","patiotime_single_page_header_background_size":"cover","patiotime_single_page_header_background_repeat":"off","patiotime_single_page_header_background_scroll":"on","patiotime_single_page_header_text_color":"","patiotime_single_page_header_show_breadcrumb":"","patiotime_single_page_site_footer_hide_main":"","patiotime_single_custom_site_footer_main_source":"","patiotime_single_custom_site_footer_main":"0","patiotime_single_page_site_footer_hide_above":"on","patiotime_single_custom_site_footer_above_source":"","patiotime_single_custom_site_footer_above":"0","patiotime_single_page_site_footer_hide_instagram":"","patiotime_single_page_site_footer_hide_bottom":"","patiotime_single_custom_mobile_menu_source":"","patiotime_single_custom_mobile_menu":"0","patiotime_single_custom_mobile_menu_animation":"","patiotime_single_custom_mobile_menu_width":"","patiotime_single_custom_mobile_menu_custom_width":375},"yoast_head":"<!-- This site is optimized with the Yoast SEO plugin v21.6 - https:\/\/yoast.com\/wordpress\/plugins\/seo\/ -->\n<title>Contact - Les jardins de Capucine<\/title>\n<meta name=\"robots\" content=\"index, follow, max-snippet:-1, max-image-preview:large, max-video-preview:-1\" \/>\n<link rel=\"canonical\" href=\"https:\/\/lesjardinsdecapucine.com\/index.php\/contact\/\" \/>\n<meta property=\"og:locale\" content=\"fr_FR\" \/>\n<meta property=\"og:type\" content=\"article\" \/>\n<meta property=\"og:title\" content=\"Contact - Les jardins de Capucine\" \/>\n<meta property=\"og:description\" content=\"Notre Adresse lES JARDINS DE CAPUCINES Pour une exp\u00e9rience chaleureuse et familiale dans notre restaurant italien, Les Jardins De Capucine, nous vous recommandons de r\u00e9server par t\u00e9l\u00e9phone. Plongez dans notre atmosph\u00e8re accueillante et savourez nos d\u00e9lices traditionnels pr\u00e9par\u00e9s avec passion. 10 boulevard de Starsbourg, 94350 Villiers-sur-Marne restaurant@lesjardinsdecapucine.com 0149419477\" \/>\n<meta property=\"og:url\" content=\"https:\/\/lesjardinsdecapucine.com\/index.php\/contact\/\" \/>\n<meta property=\"og:site_name\" content=\"Les jardins de Capucine\" \/>\n<meta property=\"article:modified_time\" content=\"2024-03-11T16:07:06+00:00\" \/>\n<meta name=\"twitter:card\" content=\"summary_large_image\" \/>\n<meta name=\"twitter:label1\" content=\"Dur\u00e9e de lecture estim\u00e9e\" \/>\n\t<meta name=\"twitter:data1\" content=\"1 minute\" \/>\n<script type=\"application\/ld+json\" class=\"yoast-schema-graph\">{\"@context\":\"https:\/\/schema.org\",\"@graph\":[{\"@type\":\"WebPage\",\"@id\":\"https:\/\/lesjardinsdecapucine.com\/index.php\/contact\/\",\"url\":\"https:\/\/lesjardinsdecapucine.com\/index.php\/contact\/\",\"name\":\"Contact - Les jardins de Capucine\",\"isPartOf\":{\"@id\":\"https:\/\/lesjardinsdecapucine.com\/#website\"},\"datePublished\":\"2022-04-05T13:54:45+00:00\",\"dateModified\":\"2024-03-11T16:07:06+00:00\",\"breadcrumb\":{\"@id\":\"https:\/\/lesjardinsdecapucine.com\/index.php\/contact\/#breadcrumb\"},\"inLanguage\":\"fr-FR\",\"potentialAction\":[{\"@type\":\"ReadAction\",\"target\":[\"https:\/\/lesjardinsdecapucine.com\/index.php\/contact\/\"]}]},{\"@type\":\"BreadcrumbList\",\"@id\":\"https:\/\/lesjardinsdecapucine.com\/index.php\/contact\/#breadcrumb\",\"itemListElement\":[{\"@type\":\"ListItem\",\"position\":1,\"name\":\"Accueil\",\"item\":\"https:\/\/lesjardinsdecapucine.com\/\"},{\"@type\":\"ListItem\",\"position\":2,\"name\":\"Contact\"}]},{\"@type\":\"WebSite\",\"@id\":\"https:\/\/lesjardinsdecapucine.com\/#website\",\"url\":\"https:\/\/lesjardinsdecapucine.com\/\",\"name\":\"Les jardins de Capucine\",\"description\":\"Restaurant Italien Villiers sur marne\",\"publisher\":{\"@id\":\"https:\/\/lesjardinsdecapucine.com\/#organization\"},\"potentialAction\":[{\"@type\":\"SearchAction\",\"target\":{\"@type\":\"EntryPoint\",\"urlTemplate\":\"https:\/\/lesjardinsdecapucine.com\/?s={search_term_string}\"},\"query-input\":\"required name=search_term_string\"}],\"inLanguage\":\"fr-FR\"},{\"@type\":\"Organization\",\"@id\":\"https:\/\/lesjardinsdecapucine.com\/#organization\",\"name\":\"Les jardins de Capucine\",\"url\":\"https:\/\/lesjardinsdecapucine.com\/\",\"logo\":{\"@type\":\"ImageObject\",\"inLanguage\":\"fr-FR\",\"@id\":\"https:\/\/lesjardinsdecapucine.com\/#\/schema\/logo\/image\/\",\"url\":\"https:\/\/lesjardinsdecapucine.com\/wp-content\/uploads\/2022\/04\/Logo-Les-jardins-de-capucines-Pizzeria.jpeg\",\"contentUrl\":\"https:\/\/lesjardinsdecapucine.com\/wp-content\/uploads\/2022\/04\/Logo-Les-jardins-de-capucines-Pizzeria.jpeg\",\"width\":320,\"height\":320,\"caption\":\"Les jardins de Capucine\"},\"image\":{\"@id\":\"https:\/\/lesjardinsdecapucine.com\/#\/schema\/logo\/image\/\"},\"sameAs\":[\"https:\/\/www.instagram.com\/pizzeria_jdc\/\"]}]}<\/script>\n<!-- \/ Yoast SEO plugin. -->","yoast_head_json":{"title":"Contact - Les jardins de Capucine","robots":{"index":"index","follow":"follow","max-snippet":"max-snippet:-1","max-image-preview":"max-image-preview:large","max-video-preview":"max-video-preview:-1"},"canonical":"https:\/\/lesjardinsdecapucine.com\/index.php\/contact\/","og_locale":"fr_FR","og_type":"article","og_title":"Contact - Les jardins de Capucine","og_description":"Notre Adresse lES JARDINS DE CAPUCINES Pour une exp\u00e9rience chaleureuse et familiale dans notre restaurant italien, Les Jardins De Capucine, nous vous recommandons de r\u00e9server par t\u00e9l\u00e9phone. Plongez dans notre atmosph\u00e8re accueillante et savourez nos d\u00e9lices traditionnels pr\u00e9par\u00e9s avec passion. 10 boulevard de Starsbourg, 94350 Villiers-sur-Marne restaurant@lesjardinsdecapucine.com 0149419477","og_url":"https:\/\/lesjardinsdecapucine.com\/index.php\/contact\/","og_site_name":"Les jardins de Capucine","article_modified_time":"2024-03-11T16:07:06+00:00","twitter_card":"summary_large_image","twitter_misc":{"Dur\u00e9e de lecture estim\u00e9e":"1 minute"},"schema":{"@context":"https:\/\/schema.org","@graph":[{"@type":"WebPage","@id":"https:\/\/lesjardinsdecapucine.com\/index.php\/contact\/","url":"https:\/\/lesjardinsdecapucine.com\/index.php\/contact\/","name":"Contact - Les jardins de Capucine","isPartOf":{"@id":"https:\/\/lesjardinsdecapucine.com\/#website"},"datePublished":"2022-04-05T13:54:45+00:00","dateModified":"2024-03-11T16:07:06+00:00","breadcrumb":{"@id":"https:\/\/lesjardinsdecapucine.com\/index.php\/contact\/#breadcrumb"},"inLanguage":"fr-FR","potentialAction":[{"@type":"ReadAction","target":["https:\/\/lesjardinsdecapucine.com\/index.php\/contact\/"]}]},{"@type":"BreadcrumbList","@id":"https:\/\/lesjardinsdecapucine.com\/index.php\/contact\/#breadcrumb","itemListElement":[{"@type":"ListItem","position":1,"name":"Accueil","item":"https:\/\/lesjardinsdecapucine.com\/"},{"@type":"ListItem","position":2,"name":"Contact"}]},{"@type":"WebSite","@id":"https:\/\/lesjardinsdecapucine.com\/#website","url":"https:\/\/lesjardinsdecapucine.com\/","name":"Les jardins de Capucine","description":"Restaurant Italien Villiers sur marne","publisher":{"@id":"https:\/\/lesjardinsdecapucine.com\/#organization"},"potentialAction":[{"@type":"SearchAction","target":{"@type":"EntryPoint","urlTemplate":"https:\/\/lesjardinsdecapucine.com\/?s={search_term_string}"},"query-input":"required name=search_term_string"}],"inLanguage":"fr-FR"},{"@type":"Organization","@id":"https:\/\/lesjardinsdecapucine.com\/#organization","name":"Les jardins de Capucine","url":"https:\/\/lesjardinsdecapucine.com\/","logo":{"@type":"ImageObject","inLanguage":"fr-FR","@id":"https:\/\/lesjardinsdecapucine.com\/#\/schema\/logo\/image\/","url":"https:\/\/lesjardinsdecapucine.com\/wp-content\/uploads\/2022\/04\/Logo-Les-jardins-de-capucines-Pizzeria.jpeg","contentUrl":"https:\/\/lesjardinsdecapucine.com\/wp-content\/uploads\/2022\/04\/Logo-Les-jardins-de-capucines-Pizzeria.jpeg","width":320,"height":320,"caption":"Les jardins de Capucine"},"image":{"@id":"https:\/\/lesjardinsdecapucine.com\/#\/schema\/logo\/image\/"},"sameAs":["https:\/\/www.instagram.com\/pizzeria_jdc\/"]}]}},"_links":{"self":[{"href":"https:\/\/lesjardinsdecapucine.com\/index.php\/wp-json\/wp\/v2\/pages\/4892"}],"collection":[{"href":"https:\/\/lesjardinsdecapucine.com\/index.php\/wp-json\/wp\/v2\/pages"}],"about":[{"href":"https:\/\/lesjardinsdecapucine.com\/index.php\/wp-json\/wp\/v2\/types\/page"}],"author":[{"embeddable":true,"href":"https:\/\/lesjardinsdecapucine.com\/index.php\/wp-json\/wp\/v2\/users\/1"}],"replies":[{"embeddable":true,"href":"https:\/\/lesjardinsdecapucine.com\/index.php\/wp-json\/wp\/v2\/comments?post=4892"}],"version-history":[{"count":21,"href":"https:\/\/lesjardinsdecapucine.com\/index.php\/wp-json\/wp\/v2\/pages\/4892\/revisions"}],"predecessor-version":[{"id":7027,"href":"https:\/\/lesjardinsdecapucine.com\/index.php\/wp-json\/wp\/v2\/pages\/4892\/revisions\/7027"}],"wp:attachment":[{"href":"https:\/\/lesjardinsdecapucine.com\/index.php\/wp-json\/wp\/v2\/media?parent=4892"}],"curies":[{"name":"wp","href":"https:\/\/api.w.org\/{rel}","templated":true}]}}